{"id":3211,"date":"2025-09-16T08:28:03","date_gmt":"2025-09-16T08:28:03","guid":{"rendered":"https:\/\/fcjk.me\/?page_id=3211"},"modified":"2026-02-03T09:38:17","modified_gmt":"2026-02-03T09:38:17","slug":"kurs-crnogorskoga-jezika-za-strance","status":"publish","type":"page","link":"https:\/\/fcjk.me\/en\/kurs-crnogorskoga-jezika-za-strance\/","title":{"rendered":"Kurs crnogorskoga jezika za strance"},"content":{"rendered":"<div class=\"fcjk-padding-small\"><\/div>\r\n\n\n<section class=\"fcjk-content-middle-img-slider\">\r\n    <div class=\"main-wrapper\">\r\n        <div class=\"fcjk-content-middle-img-slider-wrapper bg-white\">\r\n            <div class=\"fcjk-content-middle-img-slider-wrapper-text\">\r\n                <div class=\"text-wrapper\">\r\n                                        <h2 class=\"title text-align-left\">\r\n                                                <span class=\"color-red\">Kurs crnogorskoga jezika za strance<\/span>\r\n                                            <\/h2>\r\n                                                            <p>Nastava se organizuje prema Programu obrazovanja za u\u010denje crnogorskoga jezika (CSO), koji je usagla\u0161en sa Zajedni\u010dkim evropskim okvirom za \u017eive jezike (ZERO).<\/p>\n<p>&nbsp;<\/p>\n<p>Kurs TRAJE 16 ne\u0111elja i organizuje se nastava za nivoe A1, A2, B1, B2.<\/p>\n<p>&nbsp;<\/p>\n<p>\u010casovi \u0107e se odr\u017eavaju dvaput ne\u0111eljno u trajanju po 90 minuta (2 x 45 minuta). To ukupno iznosi 64 \u010dasa po semestru.<\/p>\n<p>&nbsp;<\/p>\n<p>Polaznik je obavezan prisustvovati na 2\/3 ukupnog broja \u010dasova.<\/p>\n<p>&nbsp;<\/p>\n<p>Nastava se bazira na komunikacijskome pristupu. Izvodi\u0107e je profesori Fakulteta za crnogorski jezik i knji\u017eevnost koji su licencirani za rad s odraslima i imaju iskustvo u nastavi crnogorskoga kao stranoga jezika.<\/p>\n<p>&nbsp;<\/p>\n<p>Na po\u010detnim nivoima nastava se dr\u017ei na crnogorskome i engleskome jeziku, a na nivoima B1 i B2 isklju\u010divo na crnogorskome jeziku.<\/p>\n<p>&nbsp;<\/p>\n<p>Nastava crnogorskoga jezika po ovom programu ima za cilj da:<\/p>\n<p>&nbsp;<\/p>\n<ul>\n<li>omogu\u0107i polazniku da pro\u0161iri svoju sposobnost sporazumijevanja na crnogorskome govornom podru\u010dju<\/li>\n<li>stvori dobru lingvisti\u010dku osnovu za dalje izu\u010davanje crnogorskoga jezika<\/li>\n<li>osposobi polaznika da pro\u0161iri mogu\u0107nosti za upotrebu jezika koriste\u0107i informacije iz autenti\u010dnih jezi\u010dkih izvora<\/li>\n<li>upozna posebnosti crnogorske kulture.<\/li>\n<\/ul>\n<p>&nbsp;<\/p>\n<p>Prije po\u010detka poha\u0111anja kursa crnogorskoga jezika za strance kandidati pola\u017eu test koji \u0107e omogu\u0107iti profesorima Fakulteta za crnogorski jezik i knji\u017eevnost pouzdano formiranje grupa polaznika pribli\u017eno istoga nivoa znanja.<\/p>\n<p>&nbsp;<\/p>\n<p>Po zavr\u0161etku semestra polaznici pola\u017eu test koji \u0107e biti pismeni i usmeni. Na testovima se provjerava \u010ditanje, razumijevanje i konverzacija. Polaznik \u0107e polo\u017eiti ispit ako dobije vi\u0161e od 65% bodova.<\/p>\n<p>&nbsp;<\/p>\n<p>Po uspje\u0161no polo\u017eenome ispitu polaznici \u0107e dobiti sertifikat o ste\u010denome nivou znanja crnogorskoga jezika.<\/p>\n<p>&nbsp;<\/p>\n<p>Nastava se organizuje online. Grupe \u0107e \u010diniti od 5 do 12 polaznika. Iznos \u0161kolarine je 100 eura mjese\u010dno, odnosno 400 eura za \u010ditav semestar.<\/p>\n<p>&nbsp;<\/p>\n<p>Obrazac elektronske prijave mo\u017ee se preuzeti na naslovnoj strani\u00a0<a href=\"https:\/\/fcjk.me\/en\/\">fcjk.me<\/a> ili putem <a href=\"https:\/\/fcjk.me\/wp-content\/uploads\/2024\/10\/Prijavni-obrazac-za-kurs-crnogorskog-jezika-za-strance-FCJK.pdf\">linka<\/a> Popunjenu i potpisanu prijavu uz ostalu neophodnu dokumentaciju potrebno je skenirati i poslati na imejl adresu\u00a0<a href=\"mailto:crnogorski@fcjk.me\">crnogorski@fcjk.me<\/a>.<\/p>\n<p>&nbsp;<\/p>\n<p>Za sve informacije mo\u017eete se obratiti na tel. 041\/241-244 ili email: <a href=\"mailto:crnogorski@fcjk.me\">crnogorski@fcjk.me<\/a>.<\/p>\n<p>&nbsp;<\/p>\n                                    <\/div>\r\n                <!-- \/.text-wrapper -->\r\n            <\/div>\r\n            <!-- \/.fcjk-content-middle-img-slider-wrapper-text -->\r\n            <div class=\"fcjk-content-middle-img-slider-wrapper-swiper\">\r\n                            <\/div>\r\n            <!-- \/.fcjk-content-middle-img-slider-wrapper-swiper -->\r\n            <div class=\"fcjk-content-middle-img-slider-wrapper-list\">\r\n                            <\/div>\r\n            <!-- \/.fcjk-content-middle-img-slider-wrapper-list -->\r\n        <\/div>\r\n        <!-- \/.fcjk-content-middle-img-slider-wrapper -->\r\n    <\/div>\r\n    <!-- \/.main-wrapper -->\r\n<\/section>\r\n<!-- \/.fcjk-content-middle-img-slider -->\n\n    <div class=\"fcjk-padding-small\"><\/div>","protected":false},"excerpt":{"rendered":"","protected":false},"author":2,"featured_media":0,"parent":0,"menu_order":0,"comment_status":"closed","ping_status":"closed","template":"","meta":{"inline_featured_image":false,"footnotes":""},"categories":[],"yoast_head":"<!-- This site is optimized with the Yoast SEO plugin v22.4 - https:\/\/yoast.com\/wordpress\/plugins\/seo\/ -->\n<title>Kurs crnogorskoga jezika za strance - FCJK<\/title>\n<meta name=\"robots\" content=\"index, follow, max-snippet:-1, max-image-preview:large, max-video-preview:-1\" \/>\n<link rel=\"canonical\" href=\"https:\/\/fcjk.me\/en\/kurs-crnogorskoga-jezika-za-strance\/\" \/>\n<meta property=\"og:locale\" content=\"en_GB\" \/>\n<meta property=\"og:type\" content=\"article\" \/>\n<meta property=\"og:title\" content=\"Kurs crnogorskoga jezika za strance - FCJK\" \/>\n<meta property=\"og:url\" content=\"https:\/\/fcjk.me\/en\/kurs-crnogorskoga-jezika-za-strance\/\" \/>\n<meta property=\"og:site_name\" content=\"FCJK\" \/>\n<meta property=\"article:publisher\" content=\"https:\/\/www.facebook.com\/StudirajCrnogorski\" \/>\n<meta property=\"article:modified_time\" content=\"2026-02-03T09:38:17+00:00\" \/>\n<meta property=\"og:image\" content=\"https:\/\/fcjk.me\/wp-content\/uploads\/2024\/10\/post.jpg\" \/>\n\t<meta property=\"og:image:width\" content=\"1200\" \/>\n\t<meta property=\"og:image:height\" content=\"675\" \/>\n\t<meta property=\"og:image:type\" content=\"image\/jpeg\" \/>\n<meta name=\"twitter:card\" content=\"summary_large_image\" \/>\n<script type=\"application\/ld+json\" class=\"yoast-schema-graph\">{\"@context\":\"https:\/\/schema.org\",\"@graph\":[{\"@type\":\"WebPage\",\"@id\":\"https:\/\/fcjk.me\/kurs-crnogorskoga-jezika-za-strance\/\",\"url\":\"https:\/\/fcjk.me\/kurs-crnogorskoga-jezika-za-strance\/\",\"name\":\"Kurs crnogorskoga jezika za strance - FCJK\",\"isPartOf\":{\"@id\":\"https:\/\/fcjk.me\/#website\"},\"datePublished\":\"2025-09-16T08:28:03+00:00\",\"dateModified\":\"2026-02-03T09:38:17+00:00\",\"breadcrumb\":{\"@id\":\"https:\/\/fcjk.me\/kurs-crnogorskoga-jezika-za-strance\/#breadcrumb\"},\"inLanguage\":\"en-GB\",\"potentialAction\":[{\"@type\":\"ReadAction\",\"target\":[\"https:\/\/fcjk.me\/kurs-crnogorskoga-jezika-za-strance\/\"]}]},{\"@type\":\"BreadcrumbList\",\"@id\":\"https:\/\/fcjk.me\/kurs-crnogorskoga-jezika-za-strance\/#breadcrumb\",\"itemListElement\":[{\"@type\":\"ListItem\",\"position\":1,\"name\":\"Home\",\"item\":\"https:\/\/fcjk.me\/\"},{\"@type\":\"ListItem\",\"position\":2,\"name\":\"Kurs crnogorskoga jezika za strance\"}]},{\"@type\":\"WebSite\",\"@id\":\"https:\/\/fcjk.me\/#website\",\"url\":\"https:\/\/fcjk.me\/\",\"name\":\"FCJK\",\"description\":\"Fakultet za Crnogorski jezik i knji\u017eevnost\",\"publisher\":{\"@id\":\"https:\/\/fcjk.me\/#organization\"},\"potentialAction\":[{\"@type\":\"SearchAction\",\"target\":{\"@type\":\"EntryPoint\",\"urlTemplate\":\"https:\/\/fcjk.me\/?s={search_term_string}\"},\"query-input\":\"required name=search_term_string\"}],\"inLanguage\":\"en-GB\"},{\"@type\":\"Organization\",\"@id\":\"https:\/\/fcjk.me\/#organization\",\"name\":\"FCJK\",\"url\":\"https:\/\/fcjk.me\/\",\"logo\":{\"@type\":\"ImageObject\",\"inLanguage\":\"en-GB\",\"@id\":\"https:\/\/fcjk.me\/#\/schema\/logo\/image\/\",\"url\":\"https:\/\/fcjk.me\/wp-content\/uploads\/2024\/01\/Vector.svg\",\"contentUrl\":\"https:\/\/fcjk.me\/wp-content\/uploads\/2024\/01\/Vector.svg\",\"width\":1622,\"height\":406,\"caption\":\"FCJK\"},\"image\":{\"@id\":\"https:\/\/fcjk.me\/#\/schema\/logo\/image\/\"},\"sameAs\":[\"https:\/\/www.facebook.com\/StudirajCrnogorski\",\"https:\/\/www.instagram.com\/fcjk.me\/\",\"https:\/\/www.youtube.com\/@fcjk\"]}]}<\/script>\n<!-- \/ Yoast SEO plugin. -->","yoast_head_json":{"title":"Kurs crnogorskoga jezika za strance - FCJK","robots":{"index":"index","follow":"follow","max-snippet":"max-snippet:-1","max-image-preview":"max-image-preview:large","max-video-preview":"max-video-preview:-1"},"canonical":"https:\/\/fcjk.me\/en\/kurs-crnogorskoga-jezika-za-strance\/","og_locale":"en_GB","og_type":"article","og_title":"Kurs crnogorskoga jezika za strance - FCJK","og_url":"https:\/\/fcjk.me\/en\/kurs-crnogorskoga-jezika-za-strance\/","og_site_name":"FCJK","article_publisher":"https:\/\/www.facebook.com\/StudirajCrnogorski","article_modified_time":"2026-02-03T09:38:17+00:00","og_image":[{"width":1200,"height":675,"url":"https:\/\/fcjk.me\/wp-content\/uploads\/2024\/10\/post.jpg","type":"image\/jpeg"}],"twitter_card":"summary_large_image","schema":{"@context":"https:\/\/schema.org","@graph":[{"@type":"WebPage","@id":"https:\/\/fcjk.me\/kurs-crnogorskoga-jezika-za-strance\/","url":"https:\/\/fcjk.me\/kurs-crnogorskoga-jezika-za-strance\/","name":"Kurs crnogorskoga jezika za strance - FCJK","isPartOf":{"@id":"https:\/\/fcjk.me\/#website"},"datePublished":"2025-09-16T08:28:03+00:00","dateModified":"2026-02-03T09:38:17+00:00","breadcrumb":{"@id":"https:\/\/fcjk.me\/kurs-crnogorskoga-jezika-za-strance\/#breadcrumb"},"inLanguage":"en-GB","potentialAction":[{"@type":"ReadAction","target":["https:\/\/fcjk.me\/kurs-crnogorskoga-jezika-za-strance\/"]}]},{"@type":"BreadcrumbList","@id":"https:\/\/fcjk.me\/kurs-crnogorskoga-jezika-za-strance\/#breadcrumb","itemListElement":[{"@type":"ListItem","position":1,"name":"Home","item":"https:\/\/fcjk.me\/"},{"@type":"ListItem","position":2,"name":"Kurs crnogorskoga jezika za strance"}]},{"@type":"WebSite","@id":"https:\/\/fcjk.me\/#website","url":"https:\/\/fcjk.me\/","name":"FCJK","description":"Fakultet za Crnogorski jezik i knji\u017eevnost","publisher":{"@id":"https:\/\/fcjk.me\/#organization"},"potentialAction":[{"@type":"SearchAction","target":{"@type":"EntryPoint","urlTemplate":"https:\/\/fcjk.me\/?s={search_term_string}"},"query-input":"required name=search_term_string"}],"inLanguage":"en-GB"},{"@type":"Organization","@id":"https:\/\/fcjk.me\/#organization","name":"FCJK","url":"https:\/\/fcjk.me\/","logo":{"@type":"ImageObject","inLanguage":"en-GB","@id":"https:\/\/fcjk.me\/#\/schema\/logo\/image\/","url":"https:\/\/fcjk.me\/wp-content\/uploads\/2024\/01\/Vector.svg","contentUrl":"https:\/\/fcjk.me\/wp-content\/uploads\/2024\/01\/Vector.svg","width":1622,"height":406,"caption":"FCJK"},"image":{"@id":"https:\/\/fcjk.me\/#\/schema\/logo\/image\/"},"sameAs":["https:\/\/www.facebook.com\/StudirajCrnogorski","https:\/\/www.instagram.com\/fcjk.me\/","https:\/\/www.youtube.com\/@fcjk"]}]}},"_links":{"self":[{"href":"https:\/\/fcjk.me\/en\/wp-json\/wp\/v2\/pages\/3211"}],"collection":[{"href":"https:\/\/fcjk.me\/en\/wp-json\/wp\/v2\/pages"}],"about":[{"href":"https:\/\/fcjk.me\/en\/wp-json\/wp\/v2\/types\/page"}],"author":[{"embeddable":true,"href":"https:\/\/fcjk.me\/en\/wp-json\/wp\/v2\/users\/2"}],"replies":[{"embeddable":true,"href":"https:\/\/fcjk.me\/en\/wp-json\/wp\/v2\/comments?post=3211"}],"version-history":[{"count":13,"href":"https:\/\/fcjk.me\/en\/wp-json\/wp\/v2\/pages\/3211\/revisions"}],"predecessor-version":[{"id":4455,"href":"https:\/\/fcjk.me\/en\/wp-json\/wp\/v2\/pages\/3211\/revisions\/4455"}],"wp:attachment":[{"href":"https:\/\/fcjk.me\/en\/wp-json\/wp\/v2\/media?parent=3211"}],"wp:term":[{"taxonomy":"category","embeddable":true,"href":"https:\/\/fcjk.me\/en\/wp-json\/wp\/v2\/categories?post=3211"}],"curies":[{"name":"wp","href":"https:\/\/api.w.org\/{rel}","templated":true}]}}