{"id":2811,"date":"2024-12-17T07:16:35","date_gmt":"2024-12-17T07:16:35","guid":{"rendered":"https:\/\/fcjk.me\/?page_id=2811"},"modified":"2024-12-17T07:45:28","modified_gmt":"2024-12-17T07:45:28","slug":"forum-alumnista","status":"publish","type":"page","link":"https:\/\/fcjk.me\/en\/forum-alumnista\/","title":{"rendered":"Alumni"},"content":{"rendered":"<div class=\"fcjk-padding-small\"><\/div>\r\n\n\n<section class=\"clipped-img-right\">\r\n    <div class=\"main-wrapper\">\r\n        <div class=\"clipped-img-right-wrapper\">\r\n            <div class=\"clipped-img-right-wrapper-img\">\r\n                                <div class=\"img-wrapper clip-img-left\">\r\n                    <img decoding=\"async\" src=\"https:\/\/fcjk.me\/wp-content\/uploads\/2024\/12\/IMG_0165.jpg\" alt=\"\" class=\"img-center\">\r\n                <\/div>\r\n                            <\/div>\r\n            <!-- \/.clipped-img-right-wrapper-img -->\r\n\r\n            <div class=\"clipped-img-right-wrapper-content\">\r\n                                                <div class=\"text-wrapper\">\r\n                                                            <p>Forum alumnista Fakulteta za crnogorski jezik i knji\u017eevnost formiran je 27. 12. 2022. godine. Za pred\u015bednicu Foruma alumnista FCJK izabrana je Irena Delja, a za sekretara Stefan Todorovi\u0107. Forum alumnista Fakulteta za crnogorski jezik i knji\u017eevnost \u010dine svi svr\u0161eni studenti osnovnih i master studija Fakulteta. Svoju djelatnost Forum alumnista ostvaruje:<br \/>\n<\/br><\/p>\n<ul>\n<li>vo\u0111enjem evidencije svr\u0161enih studenata FCJK;<\/li>\n<li>pra\u0107enjem profesionalnoga razvoja biv\u0161ih studenata FCJK;<\/li>\n<li>povezivanjem alumnista s privrednim dru\u0161tvima te ja\u010danjem profesionalnih i li\u010dnih vje\u0161tina alumnista u skladu s potrebama tr\u017ei\u0161ta rada, odnosno bolje zapo\u0161ljivosti alumnista;<\/li>\n<li>upoznavanjem alumnista s prilikama za zapo\u0161ljavanje, stipendijama i drugim vidovima njihova usavr\u0161avanja;<\/li>\n<li>ostvarivanjem stalne komunikacije i saradnje te ja\u010danjem veza alumnista FCJK s mati\u010dnom ustanovom;<\/li>\n<li>saradnjom s Upravom Fakulteta, Kancelarijom za obezbje\u0111enje kvaliteta i drugim tijelima FCJK;<\/li>\n<li>u\u010de\u0161\u0107em u kampanji za upis studenata na FCJK;<\/li>\n<li>u\u010de\u0161\u0107em u istra\u017eiva\u010dkim projektima FCJK;<\/li>\n<li>organizovanjem programa nau\u010dnog, obrazovnog, kulturnog, sportskog ili humanitarnog karaktera u saradnji s FCJK ili drugim eksternim partnerima;<\/li>\n<li>afirmacijom umjetni\u010dkog, istra\u017eiva\u010dkog ili kulturnog rada alumnista FCJK;<\/li>\n<li>u\u010de\u0161\u0107em alumnista FCJK na nau\u010dnim i obrazovnim simpozijumima, seminarima, promocijama, tribinama, kursevima, obukama, seminarima, okruglim stolovima i sl. programima;<\/li>\n<li>ja\u010danjem svijesti o potrebama akademske zajednice i njezinoj ulozi u dru\u0161tvu;<\/li>\n<li>izdavanjem publikacija, bro\u0161ura i dr. materijala za potrebe rada i promocije Foruma i FCJK.<\/li>\n<\/ul>\n                                    <\/div>\r\n                <!-- \/.text-wrapper -->\r\n                                            <\/div>\r\n            <!-- \/.clipped-img-right-wrapper-content -->\r\n\r\n        <\/div>\r\n        <!-- \/.clipped-img-right-wrapper -->\r\n    <\/div>\r\n    <!-- \/.main-wrapper -->\r\n<\/section>\r\n<!-- \/.clipped-img-right -->","protected":false},"excerpt":{"rendered":"","protected":false},"author":2,"featured_media":2829,"parent":0,"menu_order":0,"comment_status":"closed","ping_status":"closed","template":"","meta":{"inline_featured_image":false,"footnotes":""},"categories":[],"yoast_head":"<!-- This site is optimized with the Yoast SEO plugin v22.4 - https:\/\/yoast.com\/wordpress\/plugins\/seo\/ -->\n<title>Forum alumnista - FCJK<\/title>\n<meta name=\"robots\" content=\"index, follow, max-snippet:-1, max-image-preview:large, max-video-preview:-1\" \/>\n<link rel=\"canonical\" href=\"https:\/\/fcjk.me\/en\/forum-alumnista\/\" \/>\n<meta property=\"og:locale\" content=\"en_GB\" \/>\n<meta property=\"og:type\" content=\"article\" \/>\n<meta property=\"og:title\" content=\"Forum alumnista - FCJK\" \/>\n<meta property=\"og:url\" content=\"https:\/\/fcjk.me\/en\/forum-alumnista\/\" \/>\n<meta property=\"og:site_name\" content=\"FCJK\" \/>\n<meta property=\"article:publisher\" content=\"https:\/\/www.facebook.com\/StudirajCrnogorski\" \/>\n<meta property=\"article:modified_time\" content=\"2024-12-17T07:45:28+00:00\" \/>\n<meta property=\"og:image\" content=\"https:\/\/fcjk.me\/wp-content\/uploads\/2024\/12\/14.jpg\" \/>\n\t<meta property=\"og:image:width\" content=\"1920\" \/>\n\t<meta property=\"og:image:height\" content=\"1280\" \/>\n\t<meta property=\"og:image:type\" content=\"image\/jpeg\" \/>\n<meta name=\"twitter:card\" content=\"summary_large_image\" \/>\n<meta name=\"twitter:label1\" content=\"Estimated reading time\" \/>\n\t<meta name=\"twitter:data1\" content=\"1 minute\" \/>\n<script type=\"application\/ld+json\" class=\"yoast-schema-graph\">{\"@context\":\"https:\/\/schema.org\",\"@graph\":[{\"@type\":\"WebPage\",\"@id\":\"https:\/\/fcjk.me\/forum-alumnista\/\",\"url\":\"https:\/\/fcjk.me\/forum-alumnista\/\",\"name\":\"Forum alumnista - FCJK\",\"isPartOf\":{\"@id\":\"https:\/\/fcjk.me\/#website\"},\"primaryImageOfPage\":{\"@id\":\"https:\/\/fcjk.me\/forum-alumnista\/#primaryimage\"},\"image\":{\"@id\":\"https:\/\/fcjk.me\/forum-alumnista\/#primaryimage\"},\"thumbnailUrl\":\"https:\/\/fcjk.me\/wp-content\/uploads\/2024\/12\/14.jpg\",\"datePublished\":\"2024-12-17T07:16:35+00:00\",\"dateModified\":\"2024-12-17T07:45:28+00:00\",\"breadcrumb\":{\"@id\":\"https:\/\/fcjk.me\/forum-alumnista\/#breadcrumb\"},\"inLanguage\":\"en-GB\",\"potentialAction\":[{\"@type\":\"ReadAction\",\"target\":[\"https:\/\/fcjk.me\/forum-alumnista\/\"]}]},{\"@type\":\"ImageObject\",\"inLanguage\":\"en-GB\",\"@id\":\"https:\/\/fcjk.me\/forum-alumnista\/#primaryimage\",\"url\":\"https:\/\/fcjk.me\/wp-content\/uploads\/2024\/12\/14.jpg\",\"contentUrl\":\"https:\/\/fcjk.me\/wp-content\/uploads\/2024\/12\/14.jpg\",\"width\":1920,\"height\":1280},{\"@type\":\"BreadcrumbList\",\"@id\":\"https:\/\/fcjk.me\/forum-alumnista\/#breadcrumb\",\"itemListElement\":[{\"@type\":\"ListItem\",\"position\":1,\"name\":\"Home\",\"item\":\"https:\/\/fcjk.me\/\"},{\"@type\":\"ListItem\",\"position\":2,\"name\":\"Forum alumnista\"}]},{\"@type\":\"WebSite\",\"@id\":\"https:\/\/fcjk.me\/#website\",\"url\":\"https:\/\/fcjk.me\/\",\"name\":\"FCJK\",\"description\":\"Fakultet za Crnogorski jezik i knji\u017eevnost\",\"publisher\":{\"@id\":\"https:\/\/fcjk.me\/#organization\"},\"potentialAction\":[{\"@type\":\"SearchAction\",\"target\":{\"@type\":\"EntryPoint\",\"urlTemplate\":\"https:\/\/fcjk.me\/?s={search_term_string}\"},\"query-input\":\"required name=search_term_string\"}],\"inLanguage\":\"en-GB\"},{\"@type\":\"Organization\",\"@id\":\"https:\/\/fcjk.me\/#organization\",\"name\":\"FCJK\",\"url\":\"https:\/\/fcjk.me\/\",\"logo\":{\"@type\":\"ImageObject\",\"inLanguage\":\"en-GB\",\"@id\":\"https:\/\/fcjk.me\/#\/schema\/logo\/image\/\",\"url\":\"https:\/\/fcjk.me\/wp-content\/uploads\/2024\/01\/Vector.svg\",\"contentUrl\":\"https:\/\/fcjk.me\/wp-content\/uploads\/2024\/01\/Vector.svg\",\"width\":1622,\"height\":406,\"caption\":\"FCJK\"},\"image\":{\"@id\":\"https:\/\/fcjk.me\/#\/schema\/logo\/image\/\"},\"sameAs\":[\"https:\/\/www.facebook.com\/StudirajCrnogorski\",\"https:\/\/www.instagram.com\/fcjk.me\/\",\"https:\/\/www.youtube.com\/@fcjk\"]}]}<\/script>\n<!-- \/ Yoast SEO plugin. -->","yoast_head_json":{"title":"Forum alumnista - FCJK","robots":{"index":"index","follow":"follow","max-snippet":"max-snippet:-1","max-image-preview":"max-image-preview:large","max-video-preview":"max-video-preview:-1"},"canonical":"https:\/\/fcjk.me\/en\/forum-alumnista\/","og_locale":"en_GB","og_type":"article","og_title":"Forum alumnista - FCJK","og_url":"https:\/\/fcjk.me\/en\/forum-alumnista\/","og_site_name":"FCJK","article_publisher":"https:\/\/www.facebook.com\/StudirajCrnogorski","article_modified_time":"2024-12-17T07:45:28+00:00","og_image":[{"width":1920,"height":1280,"url":"https:\/\/fcjk.me\/wp-content\/uploads\/2024\/12\/14.jpg","type":"image\/jpeg"}],"twitter_card":"summary_large_image","twitter_misc":{"Estimated reading time":"1 minute"},"schema":{"@context":"https:\/\/schema.org","@graph":[{"@type":"WebPage","@id":"https:\/\/fcjk.me\/forum-alumnista\/","url":"https:\/\/fcjk.me\/forum-alumnista\/","name":"Forum alumnista - FCJK","isPartOf":{"@id":"https:\/\/fcjk.me\/#website"},"primaryImageOfPage":{"@id":"https:\/\/fcjk.me\/forum-alumnista\/#primaryimage"},"image":{"@id":"https:\/\/fcjk.me\/forum-alumnista\/#primaryimage"},"thumbnailUrl":"https:\/\/fcjk.me\/wp-content\/uploads\/2024\/12\/14.jpg","datePublished":"2024-12-17T07:16:35+00:00","dateModified":"2024-12-17T07:45:28+00:00","breadcrumb":{"@id":"https:\/\/fcjk.me\/forum-alumnista\/#breadcrumb"},"inLanguage":"en-GB","potentialAction":[{"@type":"ReadAction","target":["https:\/\/fcjk.me\/forum-alumnista\/"]}]},{"@type":"ImageObject","inLanguage":"en-GB","@id":"https:\/\/fcjk.me\/forum-alumnista\/#primaryimage","url":"https:\/\/fcjk.me\/wp-content\/uploads\/2024\/12\/14.jpg","contentUrl":"https:\/\/fcjk.me\/wp-content\/uploads\/2024\/12\/14.jpg","width":1920,"height":1280},{"@type":"BreadcrumbList","@id":"https:\/\/fcjk.me\/forum-alumnista\/#breadcrumb","itemListElement":[{"@type":"ListItem","position":1,"name":"Home","item":"https:\/\/fcjk.me\/"},{"@type":"ListItem","position":2,"name":"Forum alumnista"}]},{"@type":"WebSite","@id":"https:\/\/fcjk.me\/#website","url":"https:\/\/fcjk.me\/","name":"FCJK","description":"Fakultet za Crnogorski jezik i knji\u017eevnost","publisher":{"@id":"https:\/\/fcjk.me\/#organization"},"potentialAction":[{"@type":"SearchAction","target":{"@type":"EntryPoint","urlTemplate":"https:\/\/fcjk.me\/?s={search_term_string}"},"query-input":"required name=search_term_string"}],"inLanguage":"en-GB"},{"@type":"Organization","@id":"https:\/\/fcjk.me\/#organization","name":"FCJK","url":"https:\/\/fcjk.me\/","logo":{"@type":"ImageObject","inLanguage":"en-GB","@id":"https:\/\/fcjk.me\/#\/schema\/logo\/image\/","url":"https:\/\/fcjk.me\/wp-content\/uploads\/2024\/01\/Vector.svg","contentUrl":"https:\/\/fcjk.me\/wp-content\/uploads\/2024\/01\/Vector.svg","width":1622,"height":406,"caption":"FCJK"},"image":{"@id":"https:\/\/fcjk.me\/#\/schema\/logo\/image\/"},"sameAs":["https:\/\/www.facebook.com\/StudirajCrnogorski","https:\/\/www.instagram.com\/fcjk.me\/","https:\/\/www.youtube.com\/@fcjk"]}]}},"_links":{"self":[{"href":"https:\/\/fcjk.me\/en\/wp-json\/wp\/v2\/pages\/2811"}],"collection":[{"href":"https:\/\/fcjk.me\/en\/wp-json\/wp\/v2\/pages"}],"about":[{"href":"https:\/\/fcjk.me\/en\/wp-json\/wp\/v2\/types\/page"}],"author":[{"embeddable":true,"href":"https:\/\/fcjk.me\/en\/wp-json\/wp\/v2\/users\/2"}],"replies":[{"embeddable":true,"href":"https:\/\/fcjk.me\/en\/wp-json\/wp\/v2\/comments?post=2811"}],"version-history":[{"count":17,"href":"https:\/\/fcjk.me\/en\/wp-json\/wp\/v2\/pages\/2811\/revisions"}],"predecessor-version":[{"id":2833,"href":"https:\/\/fcjk.me\/en\/wp-json\/wp\/v2\/pages\/2811\/revisions\/2833"}],"wp:featuredmedia":[{"embeddable":true,"href":"https:\/\/fcjk.me\/en\/wp-json\/wp\/v2\/media\/2829"}],"wp:attachment":[{"href":"https:\/\/fcjk.me\/en\/wp-json\/wp\/v2\/media?parent=2811"}],"wp:term":[{"taxonomy":"category","embeddable":true,"href":"https:\/\/fcjk.me\/en\/wp-json\/wp\/v2\/categories?post=2811"}],"curies":[{"name":"wp","href":"https:\/\/api.w.org\/{rel}","templated":true}]}}