{"id":2667,"date":"2024-10-31T09:47:40","date_gmt":"2024-10-31T09:47:40","guid":{"rendered":"https:\/\/fcjk.me\/?page_id=2667"},"modified":"2025-07-04T14:10:46","modified_gmt":"2025-07-04T14:10:46","slug":"upis","status":"publish","type":"page","link":"https:\/\/fcjk.me\/en\/upis\/","title":{"rendered":"Enrollment"},"content":{"rendered":"<div class=\"fcjk-padding-small\"><\/div>\r\n\n\n<section class=\"clipped-img-right\">\r\n    <div class=\"main-wrapper\">\r\n        <div class=\"clipped-img-right-wrapper\">\r\n            <div class=\"clipped-img-right-wrapper-img\">\r\n                                <div class=\"img-wrapper clip-img-left\">\r\n                    <img decoding=\"async\" src=\"https:\/\/fcjk.me\/wp-content\/uploads\/2024\/04\/Ugovori-cover.webp\" alt=\"\" class=\"img-center\">\r\n                <\/div>\r\n                            <\/div>\r\n            <!-- \/.clipped-img-right-wrapper-img -->\r\n\r\n            <div class=\"clipped-img-right-wrapper-content\">\r\n                                                <div class=\"text-wrapper\">\r\n                                        <h3 class=\"color-charcoal\">Osnovne studije 180 ECTS<\/h3>\r\n                                                            <p>Upis studenata u prvu godinu osnovnih studija vr\u0161i se putem javnog konkursa Fakulteta, koji se objavljuje u crnogorskim dnevnim novinama i na sajtu Fakulteta. Konkurs se raspisuje za svaki upisni rok.<\/p>\n<p>&nbsp;<\/p>\n<p>Prvi upisni rok organizuje se u drugoj polovini juna. Ukoliko broj prijavljenih kandidata u prvom roku ne dostigne predvi\u0111eni broj upisnih mjesta, raspisuju se drugi i tre\u0107i rok. Pravo prijave na konkurs imaju kandidati koji su zavr\u0161ili gimnaziju ili srednju \u0161kolu u trajanju od \u010detiri godine.<\/p>\n<p>&nbsp;<\/p>\n<p>Kona\u010dan upis vr\u0161i se na konkurentskoj osnovi, u skladu s postignutim rezultatima iz srednje \u0161kole, nakon rangiranja. Strani dr\u017eavljani imaju jednaka prava na upis kao i crnogorski dr\u017eavljani.<\/p>\n<p>&nbsp;<\/p>\n<p>U prvom upisnom roku raspisuje se konkurs za 40 bud\u017eetskih mjesta, koje se finansiraju iz bud\u017eeta Crne Gore.<\/p>\n<p>&nbsp;<\/p>\n<p>Prijave se podnose li\u010dno u prostorijama Studentske slu\u017ebe Fakulteta ili elektronski putem platforme \u2013 upisi.edu.me<\/p>\n                                    <\/div>\r\n                <!-- \/.text-wrapper -->\r\n                                            <\/div>\r\n            <!-- \/.clipped-img-right-wrapper-content -->\r\n\r\n        <\/div>\r\n        <!-- \/.clipped-img-right-wrapper -->\r\n    <\/div>\r\n    <!-- \/.main-wrapper -->\r\n<\/section>\r\n<!-- \/.clipped-img-right -->\n\n<section class=\"fcjk-image-left\">\r\n    <div class=\"main-wrapper\">\r\n    <div class=\"fcjk-image-left-wrapper\">\r\n        <div class=\"fcjk-image-left-wrapper-img\">\r\n                            <div class=\"img-wrapper\" data-aos=\"fade-right\"  data-aos-easing=\"linear\" data-aos-duration=\"1200\">\r\n                    <img decoding=\"async\" src=\"https:\/\/fcjk.me\/wp-content\/uploads\/2024\/02\/pile-books-bookstore-2.webp\" alt=\"\" class=\"img-center\">\r\n                <\/div>\r\n                <!-- \/.img-wrapper -->\r\n                    <\/div>\r\n        <!-- \/.fcjk-image-left-wrapper-img -->\r\n\r\n        <div class=\"fcjk-image-left-wrapper-text\">\r\n                            <div class=\"text-wrapper\">\r\n                                            <h3 class=\"color-charcoal\">Master studije 120 ECTS<\/h3>\r\n                                        <p>Master studije organizuju se nakon zavr\u0161enih osnovnih studija. Upis na master programe tako\u0111e se vr\u0161i putem javnog konkursa koji objavljuje Fakultet.<br \/>\r\n<br \/>\r\nKonkurs za upis na master studije objavljuje se krajem septembra odnosno po\u010detkom oktobra u dnevnim novinama u Crnoj Gori kao i na sajtu Fakulteta. Pravo prijave imaju kandidati sa zavr\u0161enim osnovnim studijama od najmanje 180 ECTS kredita ili specijalisti\u010dkim studijama iz odgovaraju\u0107ih nau\u010dnih oblasti (filologija, antropologija, etnologija, kulturologija, dramaturgija, istorija, bibliotekarstvo, arhivistika, pravo, politi\u010dke nauke i srodne discipline). <br \/>\r\n<br \/>\r\nRangiranje kandidata za master studije vr\u0161i se prema pro\u015be\u010dnoj ocjeni i broju osvojenih bodova na prijemnom ispitu. Strani dr\u017eavljani mogu se upisati na master studije pod istim uslovima kao crnogorski dr\u017eavljani, uz nostrifikaciju diplome prethodnog stepena studija.<br \/>\r\n<\/p>\r\n                                    <\/div>\r\n                <!-- \/.text-wrapper -->\r\n                        \r\n        <\/div>\r\n        <!-- \/.fcjk-image-left-wrapper-text -->\r\n    <\/div>\r\n    <!-- \/.fcjk-image-left-wrapper -->\r\n    <\/div>\r\n    <!-- \/.main-wrapper -->\r\n<\/section>\r\n<!-- \/.fcjk-image-left -->\n\n    <div class=\"fcjk-padding-small\"><\/div>","protected":false},"excerpt":{"rendered":"","protected":false},"author":2,"featured_media":0,"parent":0,"menu_order":0,"comment_status":"closed","ping_status":"closed","template":"","meta":{"inline_featured_image":false,"footnotes":""},"categories":[],"yoast_head":"<!-- This site is optimized with the Yoast SEO plugin v22.4 - https:\/\/yoast.com\/wordpress\/plugins\/seo\/ -->\n<title>Upis - FCJK<\/title>\n<meta name=\"robots\" content=\"index, follow, max-snippet:-1, max-image-preview:large, max-video-preview:-1\" \/>\n<link rel=\"canonical\" href=\"https:\/\/fcjk.me\/en\/upis\/\" \/>\n<meta property=\"og:locale\" content=\"en_GB\" \/>\n<meta property=\"og:type\" content=\"article\" \/>\n<meta property=\"og:title\" content=\"Upis - FCJK\" \/>\n<meta property=\"og:url\" content=\"https:\/\/fcjk.me\/en\/upis\/\" \/>\n<meta property=\"og:site_name\" content=\"FCJK\" \/>\n<meta property=\"article:publisher\" content=\"https:\/\/www.facebook.com\/StudirajCrnogorski\" \/>\n<meta property=\"article:modified_time\" content=\"2025-07-04T14:10:46+00:00\" \/>\n<meta property=\"og:image\" content=\"https:\/\/fcjk.me\/wp-content\/uploads\/2024\/10\/post.jpg\" \/>\n\t<meta property=\"og:image:width\" content=\"1200\" \/>\n\t<meta property=\"og:image:height\" content=\"675\" \/>\n\t<meta property=\"og:image:type\" content=\"image\/jpeg\" \/>\n<meta name=\"twitter:card\" content=\"summary_large_image\" \/>\n<script type=\"application\/ld+json\" class=\"yoast-schema-graph\">{\"@context\":\"https:\/\/schema.org\",\"@graph\":[{\"@type\":\"WebPage\",\"@id\":\"https:\/\/fcjk.me\/upis\/\",\"url\":\"https:\/\/fcjk.me\/upis\/\",\"name\":\"Upis - FCJK\",\"isPartOf\":{\"@id\":\"https:\/\/fcjk.me\/#website\"},\"datePublished\":\"2024-10-31T09:47:40+00:00\",\"dateModified\":\"2025-07-04T14:10:46+00:00\",\"breadcrumb\":{\"@id\":\"https:\/\/fcjk.me\/upis\/#breadcrumb\"},\"inLanguage\":\"en-GB\",\"potentialAction\":[{\"@type\":\"ReadAction\",\"target\":[\"https:\/\/fcjk.me\/upis\/\"]}]},{\"@type\":\"BreadcrumbList\",\"@id\":\"https:\/\/fcjk.me\/upis\/#breadcrumb\",\"itemListElement\":[{\"@type\":\"ListItem\",\"position\":1,\"name\":\"Home\",\"item\":\"https:\/\/fcjk.me\/\"},{\"@type\":\"ListItem\",\"position\":2,\"name\":\"Upis\"}]},{\"@type\":\"WebSite\",\"@id\":\"https:\/\/fcjk.me\/#website\",\"url\":\"https:\/\/fcjk.me\/\",\"name\":\"FCJK\",\"description\":\"Fakultet za Crnogorski jezik i knji\u017eevnost\",\"publisher\":{\"@id\":\"https:\/\/fcjk.me\/#organization\"},\"potentialAction\":[{\"@type\":\"SearchAction\",\"target\":{\"@type\":\"EntryPoint\",\"urlTemplate\":\"https:\/\/fcjk.me\/?s={search_term_string}\"},\"query-input\":\"required name=search_term_string\"}],\"inLanguage\":\"en-GB\"},{\"@type\":\"Organization\",\"@id\":\"https:\/\/fcjk.me\/#organization\",\"name\":\"FCJK\",\"url\":\"https:\/\/fcjk.me\/\",\"logo\":{\"@type\":\"ImageObject\",\"inLanguage\":\"en-GB\",\"@id\":\"https:\/\/fcjk.me\/#\/schema\/logo\/image\/\",\"url\":\"https:\/\/fcjk.me\/wp-content\/uploads\/2024\/01\/Vector.svg\",\"contentUrl\":\"https:\/\/fcjk.me\/wp-content\/uploads\/2024\/01\/Vector.svg\",\"width\":1622,\"height\":406,\"caption\":\"FCJK\"},\"image\":{\"@id\":\"https:\/\/fcjk.me\/#\/schema\/logo\/image\/\"},\"sameAs\":[\"https:\/\/www.facebook.com\/StudirajCrnogorski\",\"https:\/\/www.instagram.com\/fcjk.me\/\",\"https:\/\/www.youtube.com\/@fcjk\"]}]}<\/script>\n<!-- \/ Yoast SEO plugin. -->","yoast_head_json":{"title":"Upis - FCJK","robots":{"index":"index","follow":"follow","max-snippet":"max-snippet:-1","max-image-preview":"max-image-preview:large","max-video-preview":"max-video-preview:-1"},"canonical":"https:\/\/fcjk.me\/en\/upis\/","og_locale":"en_GB","og_type":"article","og_title":"Upis - FCJK","og_url":"https:\/\/fcjk.me\/en\/upis\/","og_site_name":"FCJK","article_publisher":"https:\/\/www.facebook.com\/StudirajCrnogorski","article_modified_time":"2025-07-04T14:10:46+00:00","og_image":[{"width":1200,"height":675,"url":"https:\/\/fcjk.me\/wp-content\/uploads\/2024\/10\/post.jpg","type":"image\/jpeg"}],"twitter_card":"summary_large_image","schema":{"@context":"https:\/\/schema.org","@graph":[{"@type":"WebPage","@id":"https:\/\/fcjk.me\/upis\/","url":"https:\/\/fcjk.me\/upis\/","name":"Upis - FCJK","isPartOf":{"@id":"https:\/\/fcjk.me\/#website"},"datePublished":"2024-10-31T09:47:40+00:00","dateModified":"2025-07-04T14:10:46+00:00","breadcrumb":{"@id":"https:\/\/fcjk.me\/upis\/#breadcrumb"},"inLanguage":"en-GB","potentialAction":[{"@type":"ReadAction","target":["https:\/\/fcjk.me\/upis\/"]}]},{"@type":"BreadcrumbList","@id":"https:\/\/fcjk.me\/upis\/#breadcrumb","itemListElement":[{"@type":"ListItem","position":1,"name":"Home","item":"https:\/\/fcjk.me\/"},{"@type":"ListItem","position":2,"name":"Upis"}]},{"@type":"WebSite","@id":"https:\/\/fcjk.me\/#website","url":"https:\/\/fcjk.me\/","name":"FCJK","description":"Fakultet za Crnogorski jezik i knji\u017eevnost","publisher":{"@id":"https:\/\/fcjk.me\/#organization"},"potentialAction":[{"@type":"SearchAction","target":{"@type":"EntryPoint","urlTemplate":"https:\/\/fcjk.me\/?s={search_term_string}"},"query-input":"required name=search_term_string"}],"inLanguage":"en-GB"},{"@type":"Organization","@id":"https:\/\/fcjk.me\/#organization","name":"FCJK","url":"https:\/\/fcjk.me\/","logo":{"@type":"ImageObject","inLanguage":"en-GB","@id":"https:\/\/fcjk.me\/#\/schema\/logo\/image\/","url":"https:\/\/fcjk.me\/wp-content\/uploads\/2024\/01\/Vector.svg","contentUrl":"https:\/\/fcjk.me\/wp-content\/uploads\/2024\/01\/Vector.svg","width":1622,"height":406,"caption":"FCJK"},"image":{"@id":"https:\/\/fcjk.me\/#\/schema\/logo\/image\/"},"sameAs":["https:\/\/www.facebook.com\/StudirajCrnogorski","https:\/\/www.instagram.com\/fcjk.me\/","https:\/\/www.youtube.com\/@fcjk"]}]}},"_links":{"self":[{"href":"https:\/\/fcjk.me\/en\/wp-json\/wp\/v2\/pages\/2667"}],"collection":[{"href":"https:\/\/fcjk.me\/en\/wp-json\/wp\/v2\/pages"}],"about":[{"href":"https:\/\/fcjk.me\/en\/wp-json\/wp\/v2\/types\/page"}],"author":[{"embeddable":true,"href":"https:\/\/fcjk.me\/en\/wp-json\/wp\/v2\/users\/2"}],"replies":[{"embeddable":true,"href":"https:\/\/fcjk.me\/en\/wp-json\/wp\/v2\/comments?post=2667"}],"version-history":[{"count":39,"href":"https:\/\/fcjk.me\/en\/wp-json\/wp\/v2\/pages\/2667\/revisions"}],"predecessor-version":[{"id":3166,"href":"https:\/\/fcjk.me\/en\/wp-json\/wp\/v2\/pages\/2667\/revisions\/3166"}],"wp:attachment":[{"href":"https:\/\/fcjk.me\/en\/wp-json\/wp\/v2\/media?parent=2667"}],"wp:term":[{"taxonomy":"category","embeddable":true,"href":"https:\/\/fcjk.me\/en\/wp-json\/wp\/v2\/categories?post=2667"}],"curies":[{"name":"wp","href":"https:\/\/api.w.org\/{rel}","templated":true}]}}